{"id":681,"date":"2026-03-17T10:41:25","date_gmt":"2026-03-17T10:41:25","guid":{"rendered":"https:\/\/candomo.demosbluefish.es\/privacy-policy\/"},"modified":"2026-04-01T12:16:32","modified_gmt":"2026-04-01T12:16:32","slug":"privacy-policy","status":"publish","type":"page","link":"https:\/\/www.candomoibiza.com\/en\/privacy-policy\/","title":{"rendered":"Privacy Policy"},"content":{"rendered":"<div class=\"fusion-fullwidth fullwidth-box fusion-builder-row-1 fusion-flex-container has-pattern-background has-mask-background nonhundred-percent-fullwidth non-hundred-percent-height-scrolling\" style=\"--awb-border-radius-top-left:0px;--awb-border-radius-top-right:0px;--awb-border-radius-bottom-right:0px;--awb-border-radius-bottom-left:0px;--awb-padding-top:140px;--awb-padding-bottom:50px;--awb-padding-top-medium:120px;--awb-padding-top-small:60px;--awb-flex-wrap:wrap;\" ><div class=\"fusion-builder-row fusion-row fusion-flex-align-items-flex-start fusion-flex-content-wrap\" style=\"max-width:calc( 1124px + 20px );margin-left: calc(-20px \/ 2 );margin-right: calc(-20px \/ 2 );\"><div class=\"fusion-layout-column fusion_builder_column fusion-builder-column-0 fusion_builder_column_1_1 1_1 fusion-flex-column\" style=\"--awb-bg-size:cover;--awb-width-large:100%;--awb-margin-top-large:0px;--awb-spacing-right-large:10px;--awb-margin-bottom-large:0px;--awb-spacing-left-large:10px;--awb-width-medium:100%;--awb-spacing-right-medium:10px;--awb-spacing-left-medium:10px;--awb-width-small:100%;--awb-spacing-right-small:10px;--awb-spacing-left-small:10px;\"><div class=\"fusion-column-wrapper fusion-flex-justify-content-flex-start fusion-content-layout-column\"><div class=\"fusion-text fusion-text-1\"><h2>TERMS OF USE<\/h2>\n<p><strong>1. GENERAL INFORMATION AND PURPOSE<\/strong><\/p>\n<p>Las presentes condiciones de uso (las \u201cCondiciones de Uso\u201d) regulan el acceso y la utilizaci\u00f3n del sitio web alojado bajo el nombre de dominio <a href=\"https:\/\/www.candomoibiza.com\/\" target=\"_blank\" rel=\"noopener\">https:\/\/candomoibiza.com<\/a>\/ (el \u201cSitio Web\u201d) as\u00ed como los contenidos y servicios que el titular del Sitio Web pone a disposici\u00f3n de sus usuarios (el\/los \u201cUsuario\/s\u201d).<\/p>\n<p>Asimismo, las presentes Condiciones de Uso establecen junto con la Pol\u00edtica de Privacidad y la Pol\u00edtica de Cookies, relativas a la gesti\u00f3n de datos de car\u00e1cter personal de los Usuarios, los t\u00e9rminos y condiciones por los que se rige el Sitio Web (los \u201cT\u00e9rminos y Condiciones\u201d).<\/p>\n<p>El Sitio Web es titularidad de Can Achi S.L , con domicilio social en Carretera Cala Llonga, Km 7,6 07840 Santa Eul\u00e0ria, Ibiza, provista de N.I.F. B-57302960.<\/p>\n<p>El acceso al Sitio Web o su uso por el Usuario implica necesariamente y sin reservas, el conocimiento y aceptaci\u00f3n de los presentes T\u00e9rminos y Condiciones, por tanto, se recomienda que el Usuario los lea detenidamente en caso de uso del Sitio Web.<\/p>\n<p>Los contenidos y servicios que <strong>CAN DOMO IBIZA<\/strong> pone a disposici\u00f3n del Usuario en el Sitio Web (respectivamente, los \u201cContenidos\u201d y los \u201cServicios\u201d) podr\u00e1n asimismo quedar regulados por condiciones particulares que, en caso de conflicto, prevalecer\u00e1n sobre los T\u00e9rminos y Condiciones (las \u201cCondiciones Particulares\u201d). El Usuario se somete asimismo, cada vez que utilice el correspondiente Contenido o Servicio, a sus correspondientes Condiciones Particulares aplicables. <\/p>\n<p><strong>CAN DOMO IBIZA<\/strong> se reserva el derecho a modificar los T\u00e9rminos y Condiciones en cualquier momento, en cuyo caso los nuevos T\u00e9rminos y Condiciones producir\u00e1n efectos de manera inmediata y ser\u00e1n aplicables a todos los Usuarios del Sitio Web.<\/p>\n<p><strong>2. USO DEL SITIO WEB<\/strong><\/p>\n<p>El Sitio Web facilita informaci\u00f3n general sobre el despacho <strong>CAN DOMO IBIZA<\/strong>.<\/p>\n<p>La informaci\u00f3n no proporciona asesoramiento legal y, en ning\u00fan caso, constituye una relaci\u00f3n profesional ni de ning\u00fan otro tipo entre cliente y abogado. Agradecemos sus consultas en la direcci\u00f3n de correo electr\u00f3nico <a href=\"mailto:info@candomoibiza.com\" target=\"_blank\" rel=\"noopener\">mailto:info@candomoibiza.com<\/a>. No obstante, debe tener en cuenta, que contactar con nuestro despacho no supone la constituci\u00f3n de una relaci\u00f3n abogado-cliente ni implica el nacimiento de ninguna obligaci\u00f3n para <strong>CAN DOMO IBIZA<\/strong>. Le rogamos que no nos env\u00ede ning\u00fan correo electr\u00f3nico que contenga informaci\u00f3n confidencial o de naturaleza sensible al citado correo de informaci\u00f3n general.   <\/p>\n<p>a) Uso<\/p>\n<p>Salvo que se disponga otra cosa en las Condiciones Particulares, el uso del Sitio Web tendr\u00e1 car\u00e1cter gratuito, sin perjuicio del coste de conexi\u00f3n a trav\u00e9s de la correspondiente red de telecomunicaciones que para el Usuario tenga el acceso.<br \/>El Usuario es consciente y acepta voluntaria y expresamente que el uso del Sitio Web se realiza en todo caso bajo su \u00fanica y exclusiva responsabilidad.<\/p>\n<p>En la utilizaci\u00f3n del Sitio Web, el Usuario se compromete a no llevar a cabo ninguna conducta que pudiera da\u00f1ar la imagen, los intereses y los derechos de <strong>CAN DOMO IBIZA<\/strong> o de terceros o que pudiera da\u00f1ar, inutilizar o sobrecargar el Sitio Web, o que impidiera, de cualquier forma, la normal utilizaci\u00f3n del Sitio Web.<\/p>\n<p><strong>CAN DOMO IBIZA<\/strong> adopta medidas de seguridad razonablemente adecuadas para detectar la existencia de virus. No obstante, el Usuario debe ser consciente de que las medidas de seguridad de los sistemas inform\u00e1ticos en Internet no son enteramente fiables y que, por tanto, <strong>CAN DOMO IBIZA<\/strong> no puede garantizar la inexistencia de virus u otros elementos que puedan producir alteraciones en los sistemas inform\u00e1ticos (software y hardware) del Usuario o en sus documentos electr\u00f3nicos y ficheros contenidos en los mismos. <\/p>\n<p>Por lo tanto, <strong>CAN DOMO IBIZA<\/strong> no se responsabiliza ni garantiza que el acceso a este Sitio Web sea ininterrumpido o que est\u00e9 libre de error. Tampoco se responsabiliza o garantiza que el contenido o software al que pueda accederse a trav\u00e9s de este Sitio Web est\u00e9 libre de error. En ning\u00fan caso <strong>CAN DOMO IBIZA<\/strong> ser\u00e1 responsable por las p\u00e9rdidas, da\u00f1os o perjuicios de cualquier tipo que puedan derivarse del acceso y uso del Sitio Web. <strong>CAN DOMO IBIZA<\/strong> no se hace responsable de los da\u00f1os que pudiesen ocasionarse a los usuarios por un uso inadecuado de este Sitio Web. En particular, no se hace responsable en modo alguno de las ca\u00eddas, interrupciones, falta o defecto de las telecomunicaciones que pudieran ocurrir.   <\/p>\n<p>b) Contenidos<\/p>\n<p>Los Contenidos del Sitio Web son puestos a disposici\u00f3n del Usuario por <strong>CAN DOMO IBIZA<\/strong> con informaci\u00f3n procedente tanto de fuentes propias como de terceros.<br \/><strong>CAN DOMO IBIZA<\/strong> procura que los Contenidos sean de la mayor calidad posible y est\u00e9n razonablemente actualizados, pero no garantiza la utilidad, exactitud, exhaustividad, pertinencia y\/o actualidad de los Contenidos.<\/p>\n<p>La inclusi\u00f3n de Contenidos en el Sitio Web no constituye, en modo alguno, la prestaci\u00f3n de un servicio de asesoramiento jur\u00eddico.<\/p>\n<p>c) Derechos de propiedad intelectual e industrial<\/p>\n<p>Mediante los T\u00e9rminos y Condiciones no se cede ning\u00fan derecho de propiedad intelectual o industrial sobre el Sitio Web ni sobre ninguno de sus elementos integrantes, quedando expresamente prohibidos al Usuario la reproducci\u00f3n, transformaci\u00f3n, distribuci\u00f3n, comunicaci\u00f3n p\u00fablica, puesta a disposici\u00f3n, extracci\u00f3n, reutilizaci\u00f3n, reenv\u00edo o la utilizaci\u00f3n, por cualquier medio o procedimiento, de cualquiera de ellos, salvo en los casos en que est\u00e9 legalmente permitido o sea autorizado por el titular de los correspondientes derechos.<\/p>\n<p>El Usuario podr\u00e1 visualizar y obtener una copia privada temporal de los Contenidos para su exclusivo uso personal y privado en sus sistemas inform\u00e1ticos (software y hardware), siempre que no sea con la finalidad de desarrollar actividades de car\u00e1cter comercial o profesional. El Usuario deber\u00e1 abstenerse de obtener, o intentar obtener, los Contenidos por medios o procedimientos distintos de los que en cada caso se hayan puesto a su disposici\u00f3n o indicado al efecto o de los que se utilicen habitualmente en Internet. El Usuario deber\u00e1 respetar, en todo momento, todos los derechos de propiedad intelectual e industrial sobre el Sitio Web, titularidad de <strong>CAN DOMO IBIZA<\/strong> o de terceros.  <\/p>\n<p>d) Hiperenlaces y Sitios Enlazados<\/p>\n<p>El Usuario que tenga intenci\u00f3n de establecer un hiperenlace o dispositivo t\u00e9cnico de enlace desde su sitio web al Sitio Web (el \u00abHiperenlace\u00bb) deber\u00e1 obtener autorizaci\u00f3n expresa de <strong>CAN DOMO IBIZA<\/strong>. Ello no implica en ning\u00fan caso la existencia de relaciones entre <strong>CAN DOMO IBIZA<\/strong> y el propietario del sitio o de la p\u00e1gina web en la que se establezca el Hiperenlace, ni la aceptaci\u00f3n o aprobaci\u00f3n por parte de <strong>CAN DOMO IBIZA<\/strong> de sus contenidos o servicios. <\/p>\n<p>El Sitio Web pone a disposici\u00f3n del Usuario, \u00fanicamente para la b\u00fasqueda de, y acceso a, la informaci\u00f3n, contenidos y servicios disponibles en Internet, hiperenlaces o dispositivos t\u00e9cnicos de enlace (por ejemplo, links o botones), que permiten al Usuario el acceso a sitios o portales de Internet pertenecientes a o gestionados por terceros (los \u201cSitios Enlazados\u201d).<\/p>\n<p><strong>CAN DOMO IBIZARA<\/strong> no ofrece ni comercializa por s\u00ed ni por medio de terceros la informaci\u00f3n, contenidos y servicios disponibles en los Sitios Enlazados, ni aprueba, supervisa o controla en modo alguno los contenidos y servicios, asumiendo el Usuario de manera exclusiva toda la responsabilidad de la navegaci\u00f3n a trav\u00e9s de los mismos.<\/p>\n<p><strong>3.CONTACTO Y COMUNICACIONES POR ESCRITO<\/strong><\/p>\n<p>La normativa aplicable exige que parte de la informaci\u00f3n o comunicaciones que <strong>CAN DOMO IBIZA<\/strong> env\u00ede al Usuario sean por escrito. Al aceptar las presentes Condiciones de Uso, el Usuario acepta que la mayor parte de las comunicaciones de <strong>CAN DOMO IBIZA<\/strong> sean electr\u00f3nicas. <strong>CAN DOMO IBIZA<\/strong> se pondr\u00e1 en contacto con el Usuario a trav\u00e9s de correo electr\u00f3nico. El Usuario consiente en usar este medio electr\u00f3nico de comunicaci\u00f3n y reconoce que toda notificaci\u00f3n, informaci\u00f3n y dem\u00e1s comunicaciones que <strong>CAN DOMO IBIZA<\/strong> le env\u00ede de forma electr\u00f3nica cumplen con los requisitos legales de ser por escrito.  <\/p>\n<p>Para cualquier consulta o incidencia, queja o reclamaci\u00f3n, relacionada con el Sitio Web, el Usuario podr\u00e1 ponerse en contacto con <strong>CAN DOMO IBIZA<\/strong> enviando un correo electr\u00f3nico a la siguiente direcci\u00f3n mailto:info@candomoibiza.com.<\/p>\n<p><strong>4. JURISDICCI\u00d3N Y LEY APLICABLE<\/strong><\/p>\n<p>El funcionamiento y utilizaci\u00f3n del Sitio Web, as\u00ed como los presentes T\u00e9rminos y Condiciones se regir\u00e1n por la legislaci\u00f3n espa\u00f1ola. En la medida en que as\u00ed lo permita la ley, <strong>CAN DOMO IBIZA<\/strong> y el Usuario, con renuncia expresa a cualquier otro fuero que pudiera corresponderles, acuerdan someterse a la jurisdicci\u00f3n de los Juzgados y Tribunales de Madrid Capital (Espa\u00f1a).<\/p>\n<h2>POL\u00cdTICA DE PRIVACIDAD<\/h2>\n<p><strong>1. INFORMACI\u00d3N GENERAL<\/strong><\/p>\n<p>La presente pol\u00edtica de privacidad (la \u201cPol\u00edtica de Privacidad\u201d), tiene por finalidad informarle de manera clara y precisa sobre el tratamiento de los datos de car\u00e1cter personal recabados por <strong>CAN DOMO IBIZA<\/strong> a trav\u00e9s del Sitio Web y forma parte, junto con la Pol\u00edtica de Cookies, de los T\u00e9rminos y Condiciones de Uso del Sitio Web.<\/p>\n<p>La presente Pol\u00edtica de Privacidad s\u00f3lo es aplicable al Sitio Web, entendiendo como tal todas las p\u00e1ginas y subp\u00e1ginas incluidas en el mismo, declinando <strong>CAN DOMO IBIZA<\/strong> cualquier responsabilidad sobre las diferentes pol\u00edticas de privacidad y protecci\u00f3n de datos de car\u00e1cter personal que puedan contener las p\u00e1ginas web a las cuales pueda accederse a trav\u00e9s de los hiperv\u00ednculos ubicados en este Sitio Web y no gestionadas directamente por <strong>CAN DOMO IBIZA<\/strong>.<\/p>\n<p>Esta pol\u00edtica se ha configurado de conformidad con la normativa vigente en materia de protecci\u00f3n de datos personales, entre otras, la Ley Org\u00e1nica 15\/1999, de 13 de diciembre, de Protecci\u00f3n de Datos de car\u00e1cter personal (la \u201cLOPD\u201d) y el Real Decreto 1720\/2007, de 21 de diciembre, que aprueba el Reglamento de desarrollo de la LOPD (el \u201cRLOPD\u201d).<\/p>\n<p><strong>2. RECOGIDA DE DATOS DE CAR\u00c1CTER PERSONAL<\/strong><\/p>\n<p>En cumplimiento con lo dispuesto en la LOPD y su normativa de desarrollo, le informamos de que los datos personales e informaci\u00f3n que nos facilite al enviar una comunicaci\u00f3n electr\u00f3nica o cumplimentar cualquier formulario electr\u00f3nico disponible en el Sitio Web, ser\u00e1n incorporados en un fichero de datos de car\u00e1cter personal titularidad de <strong>CAN DOMO IBIZA<\/strong>. La finalidad del tratamiento de los Datos es dar curso a su solicitud. Las preguntas incluidas en cada uno de los formularios son de car\u00e1cter voluntario, salvo aquellas marcadas con un asterisco (*) que son obligatorias. En el caso de no contestar a las preguntas obligatorias, <strong>CAN DOMO IBIZA<\/strong> se reserva el derecho de no tramitar solicitudes incompletas.<\/p>\n<p>En virtud de lo anterior, el Usuario se declara informado, consiente y autoriza expresamente a <strong>CAN DOMO IBIZA<\/strong> para recabar y tratar sus datos con la finalidad descrita a trav\u00e9s del Sitio Web.<\/p>\n<p><strong>CAN DOMO IBIZA<\/strong> garantiza que ha adoptado los niveles de seguridad de protecci\u00f3n de los datos personales legalmente requeridos, acordes al tipo de datos recabados y ha instalado todos los medios y medidas de \u00edndole t\u00e9cnica, personal y organizativa para garantizar la confidencialidad, integridad y calidad de la informaci\u00f3n, as\u00ed como para evitar la p\u00e9rdida, mal uso, alteraci\u00f3n, acceso no autorizado y robo de los datos personales facilitados.<\/p>\n<p><strong>3. COMUNICACIONES COMERCIALES<\/strong><\/p>\n<p>Es posible que en alguno de los formularios electr\u00f3nicos del Sitio Web se le solicite su consentimiento expreso para poderle remitir comunicaciones comerciales mediante el correo electr\u00f3nico o medios de comunicaci\u00f3n electr\u00f3nica equivalentes.<\/p>\n<p>A este respecto, el Usuario reconoce que mediante la aceptaci\u00f3n de los T\u00e9rminos y Condiciones de Uso, y de la Pol\u00edtica de Privacidad, los Usuarios aceptan expresamente y autorizan a <strong>CAN DOMO IBIZA<\/strong> a remitirles ofertas y comunicaciones publicitarias que se encuentren vinculadas con el Sitio Web.<\/p>\n<p>El Usuario podr\u00e1 manifestar su negativa a la recepci\u00f3n de este tipo de comunicaciones comerciales y promocionales en cualquier momento, mediante notificaci\u00f3n a <strong>CAN DOMO IBIZA<\/strong> en la forma prevista en el siguiente apartado.<\/p>\n<p><strong>4. DERECHOS DE LOS USUARIOS REGISTRADOS<\/strong><\/p>\n<p>Los Usuarios pueden revocar su consentimiento, as\u00ed como ejercitar sus derechos de acceso, rectificaci\u00f3n, cancelaci\u00f3n y oposici\u00f3n mediante comunicaci\u00f3n escrita dirigida a <strong>CAN DOMO IBIZA<\/strong> a la siguiente direcci\u00f3n postal Madrid, calle Hilari\u00f3n Eslava, n\u00famero 27, edificio B, piso 1\u00ba, puerta 13, C.P. 28015, debidamente firmada, acompa\u00f1ada de fotocopia del DNI y con la referencia \u201cProtecci\u00f3n de datos personales\u201d, o bien haci\u00e9ndolo a trav\u00e9s de correo electr\u00f3nico: mailto:info@candomoibiza.com con las mismas indicaciones.<\/p>\n<p><strong>5. MODIFICACIONES DE LA POL\u00cdTICA DE PRIVACIDAD<\/strong><\/p>\n<p><strong>CAN DOMO IBIZA<\/strong> se reserva el derecho a modificar esta Pol\u00edtica de Privacidad de acuerdo con la legislaci\u00f3n aplicable en cada momento. Por ello, le recomendamos que revise peri\u00f3dicamente esta Pol\u00edtica de Privacidad para estar informado de c\u00f3mo se tratan y protegen los datos personales que nos facilita.<\/p>\n<\/div><\/div><\/div><\/div><\/div>\n","protected":false},"excerpt":{"rendered":"","protected":false},"author":1,"featured_media":0,"parent":0,"menu_order":0,"comment_status":"closed","ping_status":"open","template":"","meta":{"_acf_changed":false,"footnotes":""},"class_list":["post-681","page","type-page","status-publish","hentry"],"acf":[],"yoast_head":"<!-- This site is optimized with the Yoast SEO plugin v27.3 - https:\/\/yoast.com\/product\/yoast-seo-wordpress\/ -->\n<title>Privacy Policy - Can Domo<\/title>\n<meta name=\"robots\" content=\"index, follow, max-snippet:-1, max-image-preview:large, max-video-preview:-1\" \/>\n<link rel=\"canonical\" href=\"https:\/\/www.candomoibiza.com\/en\/privacy-policy\/\" \/>\n<meta property=\"og:locale\" content=\"en_US\" \/>\n<meta property=\"og:type\" content=\"article\" \/>\n<meta property=\"og:title\" content=\"Privacy Policy - Can Domo\" \/>\n<meta property=\"og:url\" content=\"https:\/\/www.candomoibiza.com\/en\/privacy-policy\/\" \/>\n<meta property=\"og:site_name\" content=\"Can Domo\" \/>\n<meta property=\"article:modified_time\" content=\"2026-04-01T12:16:32+00:00\" \/>\n<meta name=\"twitter:card\" content=\"summary_large_image\" \/>\n<meta name=\"twitter:label1\" content=\"Est. reading time\" \/>\n\t<meta name=\"twitter:data1\" content=\"14 minutes\" \/>\n<script type=\"application\/ld+json\" class=\"yoast-schema-graph\">{\"@context\":\"https:\\\/\\\/schema.org\",\"@graph\":[{\"@type\":\"WebPage\",\"@id\":\"https:\\\/\\\/www.candomoibiza.com\\\/en\\\/privacy-policy\\\/\",\"url\":\"https:\\\/\\\/www.candomoibiza.com\\\/en\\\/privacy-policy\\\/\",\"name\":\"Privacy Policy - Can Domo\",\"isPartOf\":{\"@id\":\"https:\\\/\\\/www.candomoibiza.com\\\/en\\\/#website\"},\"datePublished\":\"2026-03-17T10:41:25+00:00\",\"dateModified\":\"2026-04-01T12:16:32+00:00\",\"breadcrumb\":{\"@id\":\"https:\\\/\\\/www.candomoibiza.com\\\/en\\\/privacy-policy\\\/#breadcrumb\"},\"inLanguage\":\"en-US\",\"potentialAction\":[{\"@type\":\"ReadAction\",\"target\":[\"https:\\\/\\\/www.candomoibiza.com\\\/en\\\/privacy-policy\\\/\"]}]},{\"@type\":\"BreadcrumbList\",\"@id\":\"https:\\\/\\\/www.candomoibiza.com\\\/en\\\/privacy-policy\\\/#breadcrumb\",\"itemListElement\":[{\"@type\":\"ListItem\",\"position\":1,\"name\":\"Portada\",\"item\":\"https:\\\/\\\/www.candomoibiza.com\\\/en\\\/\"},{\"@type\":\"ListItem\",\"position\":2,\"name\":\"Privacy Policy\"}]},{\"@type\":\"WebSite\",\"@id\":\"https:\\\/\\\/www.candomoibiza.com\\\/en\\\/#website\",\"url\":\"https:\\\/\\\/www.candomoibiza.com\\\/en\\\/\",\"name\":\"Can Domo\",\"description\":\"\",\"potentialAction\":[{\"@type\":\"SearchAction\",\"target\":{\"@type\":\"EntryPoint\",\"urlTemplate\":\"https:\\\/\\\/www.candomoibiza.com\\\/en\\\/?s={search_term_string}\"},\"query-input\":{\"@type\":\"PropertyValueSpecification\",\"valueRequired\":true,\"valueName\":\"search_term_string\"}}],\"inLanguage\":\"en-US\"}]}<\/script>\n<!-- \/ Yoast SEO plugin. -->","yoast_head_json":{"title":"Privacy Policy - Can Domo","robots":{"index":"index","follow":"follow","max-snippet":"max-snippet:-1","max-image-preview":"max-image-preview:large","max-video-preview":"max-video-preview:-1"},"canonical":"https:\/\/www.candomoibiza.com\/en\/privacy-policy\/","og_locale":"en_US","og_type":"article","og_title":"Privacy Policy - Can Domo","og_url":"https:\/\/www.candomoibiza.com\/en\/privacy-policy\/","og_site_name":"Can Domo","article_modified_time":"2026-04-01T12:16:32+00:00","twitter_card":"summary_large_image","twitter_misc":{"Est. reading time":"14 minutes"},"schema":{"@context":"https:\/\/schema.org","@graph":[{"@type":"WebPage","@id":"https:\/\/www.candomoibiza.com\/en\/privacy-policy\/","url":"https:\/\/www.candomoibiza.com\/en\/privacy-policy\/","name":"Privacy Policy - Can Domo","isPartOf":{"@id":"https:\/\/www.candomoibiza.com\/en\/#website"},"datePublished":"2026-03-17T10:41:25+00:00","dateModified":"2026-04-01T12:16:32+00:00","breadcrumb":{"@id":"https:\/\/www.candomoibiza.com\/en\/privacy-policy\/#breadcrumb"},"inLanguage":"en-US","potentialAction":[{"@type":"ReadAction","target":["https:\/\/www.candomoibiza.com\/en\/privacy-policy\/"]}]},{"@type":"BreadcrumbList","@id":"https:\/\/www.candomoibiza.com\/en\/privacy-policy\/#breadcrumb","itemListElement":[{"@type":"ListItem","position":1,"name":"Portada","item":"https:\/\/www.candomoibiza.com\/en\/"},{"@type":"ListItem","position":2,"name":"Privacy Policy"}]},{"@type":"WebSite","@id":"https:\/\/www.candomoibiza.com\/en\/#website","url":"https:\/\/www.candomoibiza.com\/en\/","name":"Can Domo","description":"","potentialAction":[{"@type":"SearchAction","target":{"@type":"EntryPoint","urlTemplate":"https:\/\/www.candomoibiza.com\/en\/?s={search_term_string}"},"query-input":{"@type":"PropertyValueSpecification","valueRequired":true,"valueName":"search_term_string"}}],"inLanguage":"en-US"}]}},"_links":{"self":[{"href":"https:\/\/www.candomoibiza.com\/en\/wp-json\/wp\/v2\/pages\/681","targetHints":{"allow":["GET"]}}],"collection":[{"href":"https:\/\/www.candomoibiza.com\/en\/wp-json\/wp\/v2\/pages"}],"about":[{"href":"https:\/\/www.candomoibiza.com\/en\/wp-json\/wp\/v2\/types\/page"}],"author":[{"embeddable":true,"href":"https:\/\/www.candomoibiza.com\/en\/wp-json\/wp\/v2\/users\/1"}],"replies":[{"embeddable":true,"href":"https:\/\/www.candomoibiza.com\/en\/wp-json\/wp\/v2\/comments?post=681"}],"version-history":[{"count":4,"href":"https:\/\/www.candomoibiza.com\/en\/wp-json\/wp\/v2\/pages\/681\/revisions"}],"predecessor-version":[{"id":685,"href":"https:\/\/www.candomoibiza.com\/en\/wp-json\/wp\/v2\/pages\/681\/revisions\/685"}],"wp:attachment":[{"href":"https:\/\/www.candomoibiza.com\/en\/wp-json\/wp\/v2\/media?parent=681"}],"curies":[{"name":"wp","href":"https:\/\/api.w.org\/{rel}","templated":true}]}}